{"id":656,"date":"2019-12-02T11:01:00","date_gmt":"2019-12-02T11:01:00","guid":{"rendered":"http:\/\/demo.accesspressthemes.com\/bingle\/?page_id=656"},"modified":"2021-11-11T04:08:47","modified_gmt":"2021-11-11T04:08:47","slug":"nosotros","status":"publish","type":"page","link":"https:\/\/check.redneurocom.com\/molicom\/?page_id=656","title":{"rendered":"Nosotros"},"content":{"rendered":"\t\t<div data-elementor-type=\"wp-page\" data-elementor-id=\"656\" class=\"elementor elementor-656\" data-elementor-settings=\"[]\">\n\t\t\t\t\t\t<div class=\"elementor-inner\">\n\t\t\t\t\t\t\t<div class=\"elementor-section-wrap\">\n\t\t\t\t\t\t\t<section class=\"elementor-section elementor-top-section elementor-element elementor-element-7278d28 elementor-section-height-min-height elementor-section-stretched elementor-section-boxed elementor-section-height-default elementor-section-items-middle\" data-id=\"7278d28\" data-element_type=\"section\" data-settings=\"{&quot;stretch_section&quot;:&quot;section-stretched&quot;,&quot;background_background&quot;:&quot;classic&quot;}\">\n\t\t\t\t\t\t\t<div class=\"elementor-background-overlay\"><\/div>\n\t\t\t\t\t\t\t<div class=\"elementor-container elementor-column-gap-default\">\n\t\t\t\t\t\t\t<div class=\"elementor-row\">\n\t\t\t\t\t<div class=\"elementor-column elementor-col-100 elementor-top-column elementor-element elementor-element-0f076a4\" data-id=\"0f076a4\" data-element_type=\"column\">\n\t\t\t<div class=\"elementor-column-wrap elementor-element-populated\">\n\t\t\t\t\t\t\t<div class=\"elementor-widget-wrap\">\n\t\t\t\t\t\t<div class=\"elementor-element elementor-element-688c022 elementor-invisible elementor-widget elementor-widget-heading\" data-id=\"688c022\" data-element_type=\"widget\" data-settings=\"{&quot;_animation&quot;:&quot;fadeInUp&quot;}\" data-widget_type=\"heading.default\">\n\t\t\t\t<div class=\"elementor-widget-container\">\n\t\t\t<h2 class=\"elementor-heading-title elementor-size-default\">\u00bfPOR QU\u00c9 ESCOGERNOS?<\/h2>\t\t<\/div>\n\t\t\t\t<\/div>\n\t\t\t\t\t\t<\/div>\n\t\t\t\t\t<\/div>\n\t\t<\/div>\n\t\t\t\t\t\t\t\t<\/div>\n\t\t\t\t\t<\/div>\n\t\t<\/section>\n\t\t\t\t<section class=\"elementor-section elementor-top-section elementor-element elementor-element-a3055c9 elementor-section-stretched elementor-section-boxed elementor-section-height-default elementor-section-height-default\" data-id=\"a3055c9\" data-element_type=\"section\" data-settings=\"{&quot;stretch_section&quot;:&quot;section-stretched&quot;,&quot;background_background&quot;:&quot;gradient&quot;}\">\n\t\t\t\t\t\t<div class=\"elementor-container elementor-column-gap-default\">\n\t\t\t\t\t\t\t<div class=\"elementor-row\">\n\t\t\t\t\t<div class=\"elementor-column elementor-col-100 elementor-top-column elementor-element elementor-element-603de25\" data-id=\"603de25\" data-element_type=\"column\">\n\t\t\t<div class=\"elementor-column-wrap elementor-element-populated\">\n\t\t\t\t\t\t\t<div class=\"elementor-widget-wrap\">\n\t\t\t\t\t\t<div class=\"elementor-element elementor-element-6f21329 elementor-widget elementor-widget-heading\" data-id=\"6f21329\" data-element_type=\"widget\" data-widget_type=\"heading.default\">\n\t\t\t\t<div class=\"elementor-widget-container\">\n\t\t\t<h2 class=\"elementor-heading-title elementor-size-default\">Desde 1960<\/h2>\t\t<\/div>\n\t\t\t\t<\/div>\n\t\t\t\t<div class=\"elementor-element elementor-element-1167b22 elementor-widget-divider--view-line elementor-widget elementor-widget-divider\" data-id=\"1167b22\" data-element_type=\"widget\" data-widget_type=\"divider.default\">\n\t\t\t\t<div class=\"elementor-widget-container\">\n\t\t\t\t\t<div class=\"elementor-divider\">\n\t\t\t<span class=\"elementor-divider-separator\">\n\t\t\t\t\t\t<\/span>\n\t\t<\/div>\n\t\t\t\t<\/div>\n\t\t\t\t<\/div>\n\t\t\t\t<div class=\"elementor-element elementor-element-b521a12 elementor-widget elementor-widget-heading\" data-id=\"b521a12\" data-element_type=\"widget\" data-widget_type=\"heading.default\">\n\t\t\t\t<div class=\"elementor-widget-container\">\n\t\t\t<h1 class=\"elementor-heading-title elementor-size-default\">Acerca de Nosotros<\/h1>\t\t<\/div>\n\t\t\t\t<\/div>\n\t\t\t\t<div class=\"elementor-element elementor-element-19bf4a9 elementor-invisible elementor-widget elementor-widget-text-editor\" data-id=\"19bf4a9\" data-element_type=\"widget\" data-settings=\"{&quot;_animation&quot;:&quot;zoomInUp&quot;}\" data-widget_type=\"text-editor.default\">\n\t\t\t\t<div class=\"elementor-widget-container\">\n\t\t\t\t\t\t\t\t<div class=\"elementor-text-editor elementor-clearfix\">\n\t\t\t\t<p><span data-contrast=\"auto\">Somos un Grupo familiar que tiene su origen en el cultivo\u00a0de caf\u00e9 a partir del a\u00f1o 1960,\u00a0en la exportaci\u00f3n de caf\u00e9 a partir de 1970 y en la importaci\u00f3n desde 1990<\/span><span data-ccp-props=\"{&quot;201341983&quot;:0,&quot;335551550&quot;:6,&quot;335551620&quot;:6,&quot;335559739&quot;:0,&quot;335559740&quot;:240}\">\u00a0<\/span><\/p><p><span data-contrast=\"auto\">Con el paso de los a\u00f1os\u00a0el\u00a0Grupo\u00a0Molicom, consciente que el Per\u00fa es un pa\u00eds de oportunidades, incursiona\u00a0en otros negocios con la vocaci\u00f3n de colaborar activamente en el desarrollo econ\u00f3mico y social de nuestro pa\u00eds, basados en el crecimiento\u00a0y en la diversidad del negocio.<\/span><span data-ccp-props=\"{&quot;201341983&quot;:0,&quot;335551550&quot;:6,&quot;335551620&quot;:6,&quot;335559739&quot;:0,&quot;335559740&quot;:240}\">\u00a0<\/span><\/p>\t\t\t\t\t<\/div>\n\t\t\t\t\t\t<\/div>\n\t\t\t\t<\/div>\n\t\t\t\t\t\t<\/div>\n\t\t\t\t\t<\/div>\n\t\t<\/div>\n\t\t\t\t\t\t\t\t<\/div>\n\t\t\t\t\t<\/div>\n\t\t<\/section>\n\t\t\t\t<section class=\"elementor-section elementor-top-section elementor-element elementor-element-4f69fa5 elementor-section-stretched elementor-section-boxed elementor-section-height-default elementor-section-height-default\" data-id=\"4f69fa5\" data-element_type=\"section\" data-settings=\"{&quot;stretch_section&quot;:&quot;section-stretched&quot;,&quot;background_background&quot;:&quot;gradient&quot;}\">\n\t\t\t\t\t\t<div class=\"elementor-container elementor-column-gap-default\">\n\t\t\t\t\t\t\t<div class=\"elementor-row\">\n\t\t\t\t\t<div class=\"elementor-column elementor-col-100 elementor-top-column elementor-element elementor-element-9e8a71d\" data-id=\"9e8a71d\" data-element_type=\"column\">\n\t\t\t<div class=\"elementor-column-wrap elementor-element-populated\">\n\t\t\t\t\t\t\t<div class=\"elementor-widget-wrap\">\n\t\t\t\t\t\t<div class=\"elementor-element elementor-element-bf2fe41 elementor-widget elementor-widget-heading\" data-id=\"bf2fe41\" data-element_type=\"widget\" data-widget_type=\"heading.default\">\n\t\t\t\t<div class=\"elementor-widget-container\">\n\t\t\t<h1 class=\"elementor-heading-title elementor-size-default\">Experiencia<\/h1>\t\t<\/div>\n\t\t\t\t<\/div>\n\t\t\t\t<div class=\"elementor-element elementor-element-41a443a elementor-invisible elementor-widget elementor-widget-text-editor\" data-id=\"41a443a\" data-element_type=\"widget\" data-settings=\"{&quot;_animation&quot;:&quot;zoomInUp&quot;}\" data-widget_type=\"text-editor.default\">\n\t\t\t\t<div class=\"elementor-widget-container\">\n\t\t\t\t\t\t\t\t<div class=\"elementor-text-editor elementor-clearfix\">\n\t\t\t\t<p><b><span data-contrast=\"auto\">M\u00e1s de\u00a060 a\u00f1os nos respaldan<\/span><\/b><span data-ccp-props=\"{&quot;201341983&quot;:0,&quot;335551550&quot;:6,&quot;335551620&quot;:6,&quot;335559739&quot;:0,&quot;335559740&quot;:240}\">\u00a0<\/span><\/p><p><span data-contrast=\"auto\">El Grupo\u00a0Molicom, cuenta con una amplia experiencia\u00a0en\u00a0exportaci\u00f3n y comercializaci\u00f3n de caf\u00e9, importaci\u00f3n y comercializaci\u00f3n de fertilizantes, neum\u00e1ticos, acero, materiales de construcci\u00f3n, acabados y ferreter\u00eda.\u00a0Crianza y comercializaci\u00f3n de Ganado vacuno de raza Brahman.\u00a0Producci\u00f3n y comercializaci\u00f3n de Semillas Certificadas y\u00a0Servicio de transporte de carga terrestre.<\/span><span data-ccp-props=\"{&quot;201341983&quot;:0,&quot;335551550&quot;:6,&quot;335551620&quot;:6,&quot;335559739&quot;:0,&quot;335559740&quot;:240}\">\u00a0<\/span><\/p>\t\t\t\t\t<\/div>\n\t\t\t\t\t\t<\/div>\n\t\t\t\t<\/div>\n\t\t\t\t\t\t<\/div>\n\t\t\t\t\t<\/div>\n\t\t<\/div>\n\t\t\t\t\t\t\t\t<\/div>\n\t\t\t\t\t<\/div>\n\t\t<\/section>\n\t\t\t\t<section class=\"elementor-section elementor-top-section elementor-element elementor-element-6339335 elementor-section-stretched elementor-section-boxed elementor-section-height-default elementor-section-height-default\" data-id=\"6339335\" data-element_type=\"section\" data-settings=\"{&quot;stretch_section&quot;:&quot;section-stretched&quot;,&quot;background_background&quot;:&quot;gradient&quot;}\">\n\t\t\t\t\t\t<div class=\"elementor-container elementor-column-gap-default\">\n\t\t\t\t\t\t\t<div class=\"elementor-row\">\n\t\t\t\t\t<div class=\"elementor-column elementor-col-100 elementor-top-column elementor-element elementor-element-20cc4b9\" data-id=\"20cc4b9\" data-element_type=\"column\">\n\t\t\t<div class=\"elementor-column-wrap elementor-element-populated\">\n\t\t\t\t\t\t\t<div class=\"elementor-widget-wrap\">\n\t\t\t\t\t\t<div class=\"elementor-element elementor-element-caef051 elementor-widget elementor-widget-heading\" data-id=\"caef051\" data-element_type=\"widget\" data-widget_type=\"heading.default\">\n\t\t\t\t<div class=\"elementor-widget-container\">\n\t\t\t<h1 class=\"elementor-heading-title elementor-size-default\">Compromiso Social<\/h1>\t\t<\/div>\n\t\t\t\t<\/div>\n\t\t\t\t<div class=\"elementor-element elementor-element-7382ab3 elementor-invisible elementor-widget elementor-widget-text-editor\" data-id=\"7382ab3\" data-element_type=\"widget\" data-settings=\"{&quot;_animation&quot;:&quot;zoomInUp&quot;}\" data-widget_type=\"text-editor.default\">\n\t\t\t\t<div class=\"elementor-widget-container\">\n\t\t\t\t\t\t\t\t<div class=\"elementor-text-editor elementor-clearfix\">\n\t\t\t\t<p><span data-contrast=\"auto\">Desde que se fund\u00f3 la primera empresa que integra el Grupo\u00a0Molicom, nos comprometimos socialmente, a cumplir con nuestras obligaciones tributarias, laborales,\u00a0mejorar el bienestar de nuestros trabajadores\u00a0y\u00a0apoyar a las\u00a0comunidades\u00a0donde desarrollamos nuestras actividades y con todos aquellos a quienes les debemos nuestro crecimiento.<\/span><span data-ccp-props=\"{&quot;201341983&quot;:0,&quot;335551550&quot;:6,&quot;335551620&quot;:6,&quot;335559739&quot;:0,&quot;335559740&quot;:240}\">\u00a0<\/span><\/p><p><span data-contrast=\"auto\">De manera externa apoyamos al\u00a0<\/span><b><span data-contrast=\"auto\">PROGRAMA FAMILIA<\/span><\/b><span data-contrast=\"auto\">, programa que apuesta por el autodesarrollo de las familias para lograr una producci\u00f3n sostenible de todo tipo de cultivo, recuperando la fertilidad de los suelos utilizando racionalmente los recursos naturales, conservando el medio ambiente y mejorando las condiciones de vida del productor, su familia y comunidad.\u00a0<\/span><span data-ccp-props=\"{&quot;201341983&quot;:0,&quot;335551550&quot;:6,&quot;335551620&quot;:6,&quot;335559739&quot;:0,&quot;335559740&quot;:240}\">\u00a0<\/span><\/p>\t\t\t\t\t<\/div>\n\t\t\t\t\t\t<\/div>\n\t\t\t\t<\/div>\n\t\t\t\t\t\t<\/div>\n\t\t\t\t\t<\/div>\n\t\t<\/div>\n\t\t\t\t\t\t\t\t<\/div>\n\t\t\t\t\t<\/div>\n\t\t<\/section>\n\t\t\t\t<section class=\"elementor-section elementor-top-section elementor-element elementor-element-69db7de elementor-section-height-min-height elementor-section-stretched elementor-section-full_width elementor-section-items-stretch elementor-section-height-default\" data-id=\"69db7de\" data-element_type=\"section\" data-settings=\"{&quot;stretch_section&quot;:&quot;section-stretched&quot;,&quot;background_background&quot;:&quot;classic&quot;,&quot;shape_divider_top&quot;:&quot;mountains&quot;}\">\n\t\t\t\t\t\t\t<div class=\"elementor-background-overlay\"><\/div>\n\t\t\t\t\t\t<div class=\"elementor-shape elementor-shape-top\" data-negative=\"false\">\n\t\t\t<svg xmlns=\"http:\/\/www.w3.org\/2000\/svg\" viewBox=\"0 0 1000 100\" preserveAspectRatio=\"none\">\n\t<path class=\"elementor-shape-fill\" opacity=\"0.33\" d=\"M473,67.3c-203.9,88.3-263.1-34-320.3,0C66,119.1,0,59.7,0,59.7V0h1000v59.7 c0,0-62.1,26.1-94.9,29.3c-32.8,3.3-62.8-12.3-75.8-22.1C806,49.6,745.3,8.7,694.9,4.7S492.4,59,473,67.3z\"\/>\n\t<path class=\"elementor-shape-fill\" opacity=\"0.66\" d=\"M734,67.3c-45.5,0-77.2-23.2-129.1-39.1c-28.6-8.7-150.3-10.1-254,39.1 s-91.7-34.4-149.2,0C115.7,118.3,0,39.8,0,39.8V0h1000v36.5c0,0-28.2-18.5-92.1-18.5C810.2,18.1,775.7,67.3,734,67.3z\"\/>\n\t<path class=\"elementor-shape-fill\" d=\"M766.1,28.9c-200-57.5-266,65.5-395.1,19.5C242,1.8,242,5.4,184.8,20.6C128,35.8,132.3,44.9,89.9,52.5C28.6,63.7,0,0,0,0 h1000c0,0-9.9,40.9-83.6,48.1S829.6,47,766.1,28.9z\"\/>\n<\/svg>\t\t<\/div>\n\t\t\t\t\t<div class=\"elementor-container elementor-column-gap-extended\">\n\t\t\t\t\t\t\t<div class=\"elementor-row\">\n\t\t\t\t\t<div class=\"elementor-column elementor-col-33 elementor-top-column elementor-element elementor-element-501cc46\" data-id=\"501cc46\" data-element_type=\"column\">\n\t\t\t<div class=\"elementor-column-wrap elementor-element-populated\">\n\t\t\t\t\t\t\t<div class=\"elementor-widget-wrap\">\n\t\t\t\t\t\t<div class=\"elementor-element elementor-element-db8b8d9 elementor-align-left animated-slow elementor-invisible elementor-widget elementor-widget-button\" data-id=\"db8b8d9\" data-element_type=\"widget\" data-settings=\"{&quot;_animation&quot;:&quot;fadeInLeft&quot;}\" data-widget_type=\"button.default\">\n\t\t\t\t<div class=\"elementor-widget-container\">\n\t\t\t\t\t<div class=\"elementor-button-wrapper\">\n\t\t\t<a class=\"elementor-button elementor-size-sm\" role=\"button\">\n\t\t\t\t\t\t<span class=\"elementor-button-content-wrapper\">\n\t\t\t\t\t\t<span class=\"elementor-button-text\">Misi\u00f3n<\/span>\n\t\t<\/span>\n\t\t\t\t\t<\/a>\n\t\t<\/div>\n\t\t\t\t<\/div>\n\t\t\t\t<\/div>\n\t\t\t\t<div class=\"elementor-element elementor-element-4682c31 animated-slow elementor-invisible elementor-widget elementor-widget-text-editor\" data-id=\"4682c31\" data-element_type=\"widget\" data-settings=\"{&quot;_animation&quot;:&quot;fadeInLeft&quot;,&quot;_animation_delay&quot;:100}\" data-widget_type=\"text-editor.default\">\n\t\t\t\t<div class=\"elementor-widget-container\">\n\t\t\t\t\t\t\t\t<div class=\"elementor-text-editor elementor-clearfix\">\n\t\t\t\t<p style=\"text-align: justify;\">Una Corporaci\u00f3n familiar comprometida con sus actividades empresariales, buscando en forma permanente el desarrollo y bienestar integral de los miembros de nuestra organizaci\u00f3n y por consiguiente en el desarrollo del Pa\u00eds.<\/p>\t\t\t\t\t<\/div>\n\t\t\t\t\t\t<\/div>\n\t\t\t\t<\/div>\n\t\t\t\t\t\t<\/div>\n\t\t\t\t\t<\/div>\n\t\t<\/div>\n\t\t\t\t<div class=\"elementor-column elementor-col-33 elementor-top-column elementor-element elementor-element-aa87058\" data-id=\"aa87058\" data-element_type=\"column\">\n\t\t\t<div class=\"elementor-column-wrap\">\n\t\t\t\t\t\t\t<div class=\"elementor-widget-wrap\">\n\t\t\t\t\t\t\t\t<\/div>\n\t\t\t\t\t<\/div>\n\t\t<\/div>\n\t\t\t\t<div class=\"elementor-column elementor-col-33 elementor-top-column elementor-element elementor-element-9f225f1\" data-id=\"9f225f1\" data-element_type=\"column\">\n\t\t\t<div class=\"elementor-column-wrap elementor-element-populated\">\n\t\t\t\t\t\t\t<div class=\"elementor-widget-wrap\">\n\t\t\t\t\t\t<div class=\"elementor-element elementor-element-a276be9 elementor-align-left animated-slow elementor-invisible elementor-widget elementor-widget-button\" data-id=\"a276be9\" data-element_type=\"widget\" data-settings=\"{&quot;_animation&quot;:&quot;fadeInRight&quot;}\" data-widget_type=\"button.default\">\n\t\t\t\t<div class=\"elementor-widget-container\">\n\t\t\t\t\t<div class=\"elementor-button-wrapper\">\n\t\t\t<a class=\"elementor-button elementor-size-sm\" role=\"button\">\n\t\t\t\t\t\t<span class=\"elementor-button-content-wrapper\">\n\t\t\t\t\t\t<span class=\"elementor-button-text\">Visi\u00f3n<\/span>\n\t\t<\/span>\n\t\t\t\t\t<\/a>\n\t\t<\/div>\n\t\t\t\t<\/div>\n\t\t\t\t<\/div>\n\t\t\t\t<div class=\"elementor-element elementor-element-f0d8df7 animated-slow elementor-invisible elementor-widget elementor-widget-text-editor\" data-id=\"f0d8df7\" data-element_type=\"widget\" data-settings=\"{&quot;_animation&quot;:&quot;fadeInLeft&quot;,&quot;_animation_delay&quot;:100}\" data-widget_type=\"text-editor.default\">\n\t\t\t\t<div class=\"elementor-widget-container\">\n\t\t\t\t\t\t\t\t<div class=\"elementor-text-editor elementor-clearfix\">\n\t\t\t\t<p style=\"text-align: justify;\">Ser una Corporaci\u00f3n familiar, reconocida y respetada por los mercados en los cu\u00e1les nos desarrollamos, dirigida al mercado Interno y de Exportaci\u00f3n.<\/p>\t\t\t\t\t<\/div>\n\t\t\t\t\t\t<\/div>\n\t\t\t\t<\/div>\n\t\t\t\t\t\t<\/div>\n\t\t\t\t\t<\/div>\n\t\t<\/div>\n\t\t\t\t\t\t\t\t<\/div>\n\t\t\t\t\t<\/div>\n\t\t<\/section>\n\t\t\t\t\t\t<\/div>\n\t\t\t\t\t\t<\/div>\n\t\t\t\t\t<\/div>\n\t\t","protected":false},"excerpt":{"rendered":"<p>\u00bfPOR QU\u00c9 ESCOGERNOS? Desde 1960 Acerca de Nosotros Somos un Grupo familiar que tiene su origen en el cultivo\u00a0de caf\u00e9 a partir del a\u00f1o 1960,\u00a0en la exportaci\u00f3n de caf\u00e9 a partir de 1970 y en la importaci\u00f3n desde 1990\u00a0 Con el paso de los a\u00f1os\u00a0el\u00a0Grupo\u00a0Molicom, consciente que el Per\u00fa es un pa\u00eds de oportunidades, incursiona\u00a0en &hellip;<\/p>\n<p class=\"read-more\"> <a class=\"\" href=\"https:\/\/check.redneurocom.com\/molicom\/?page_id=656\"> <span class=\"screen-reader-text\">Nosotros<\/span> Read More &raquo;<\/a><\/p>\n","protected":false},"author":1,"featured_media":541,"parent":0,"menu_order":0,"comment_status":"closed","ping_status":"closed","template":"elementor_header_footer","meta":[],"yoast_head":"<!-- This site is optimized with the Yoast SEO plugin v17.3 - https:\/\/yoast.com\/wordpress\/plugins\/seo\/ -->\n<title>Nosotros - Grupo Molicom<\/title>\n<meta name=\"description\" content=\"MIROMINA fue fundada por el GRUPO MOLICOM, con m\u00e1s de 36 a\u00f1os de experiencia comercial, administrativa y financiera.\" \/>\n<meta name=\"robots\" content=\"index, follow, max-snippet:-1, max-image-preview:large, max-video-preview:-1\" \/>\n<link rel=\"canonical\" href=\"https:\/\/check.redneurocom.com\/molicom\/?page_id=656\" \/>\n<meta property=\"og:locale\" content=\"es_ES\" \/>\n<meta property=\"og:type\" content=\"article\" \/>\n<meta property=\"og:title\" content=\"Nosotros - Grupo Molicom\" \/>\n<meta property=\"og:description\" content=\"MIROMINA fue fundada por el GRUPO MOLICOM, con m\u00e1s de 36 a\u00f1os de experiencia comercial, administrativa y financiera.\" \/>\n<meta property=\"og:url\" content=\"https:\/\/check.redneurocom.com\/molicom\/?page_id=656\" \/>\n<meta property=\"og:site_name\" content=\"Grupo Molicom\" \/>\n<meta property=\"article:publisher\" content=\"https:\/\/www.facebook.com\/Grupo-Molicom-222968614426911\" \/>\n<meta property=\"article:modified_time\" content=\"2021-11-11T04:08:47+00:00\" \/>\n<meta name=\"twitter:card\" content=\"summary_large_image\" \/>\n<meta name=\"twitter:label1\" content=\"Est. reading time\" \/>\n\t<meta name=\"twitter:data1\" content=\"2 minutos\" \/>\n<script type=\"application\/ld+json\" class=\"yoast-schema-graph\">{\"@context\":\"https:\/\/schema.org\",\"@graph\":[{\"@type\":\"Organization\",\"@id\":\"https:\/\/check.redneurocom.com\/molicom\/#organization\",\"name\":\"Miromina\",\"url\":\"https:\/\/check.redneurocom.com\/molicom\/\",\"sameAs\":[\"https:\/\/www.facebook.com\/Grupo-Molicom-222968614426911\",\"https:\/\/www.linkedin.com\/m\/login\",\"https:\/\/www.youtube.com\/channel\/UCH483e_rvCIMxv23VT5EguA\"],\"logo\":{\"@type\":\"ImageObject\",\"@id\":\"https:\/\/check.redneurocom.com\/molicom\/#logo\",\"inLanguage\":\"es-PE\",\"url\":\"https:\/\/check.redneurocom.com\/molicom\/wp-content\/uploads\/2020\/11\/logo-miromina.png\",\"contentUrl\":\"https:\/\/check.redneurocom.com\/molicom\/wp-content\/uploads\/2020\/11\/logo-miromina.png\",\"width\":362,\"height\":97,\"caption\":\"Miromina\"},\"image\":{\"@id\":\"https:\/\/check.redneurocom.com\/molicom\/#logo\"}},{\"@type\":\"WebSite\",\"@id\":\"https:\/\/check.redneurocom.com\/molicom\/#website\",\"url\":\"https:\/\/check.redneurocom.com\/molicom\/\",\"name\":\"Grupo Molicom\",\"description\":\"Peruanos trabajando por el crecimiento del pais\",\"publisher\":{\"@id\":\"https:\/\/check.redneurocom.com\/molicom\/#organization\"},\"potentialAction\":[{\"@type\":\"SearchAction\",\"target\":{\"@type\":\"EntryPoint\",\"urlTemplate\":\"https:\/\/check.redneurocom.com\/molicom\/?s={search_term_string}\"},\"query-input\":\"required name=search_term_string\"}],\"inLanguage\":\"es-PE\"},{\"@type\":\"ImageObject\",\"@id\":\"https:\/\/check.redneurocom.com\/molicom\/?page_id=656#primaryimage\",\"inLanguage\":\"es-PE\",\"url\":\"\",\"contentUrl\":\"\"},{\"@type\":\"WebPage\",\"@id\":\"https:\/\/check.redneurocom.com\/molicom\/?page_id=656#webpage\",\"url\":\"https:\/\/check.redneurocom.com\/molicom\/?page_id=656\",\"name\":\"Nosotros - Grupo Molicom\",\"isPartOf\":{\"@id\":\"https:\/\/check.redneurocom.com\/molicom\/#website\"},\"primaryImageOfPage\":{\"@id\":\"https:\/\/check.redneurocom.com\/molicom\/?page_id=656#primaryimage\"},\"datePublished\":\"2019-12-02T11:01:00+00:00\",\"dateModified\":\"2021-11-11T04:08:47+00:00\",\"description\":\"MIROMINA fue fundada por el GRUPO MOLICOM, con m\\u00e1s de 36 a\\u00f1os de experiencia comercial, administrativa y financiera.\",\"breadcrumb\":{\"@id\":\"https:\/\/check.redneurocom.com\/molicom\/?page_id=656#breadcrumb\"},\"inLanguage\":\"es-PE\",\"potentialAction\":[{\"@type\":\"ReadAction\",\"target\":[\"https:\/\/check.redneurocom.com\/molicom\/?page_id=656\"]}]},{\"@type\":\"BreadcrumbList\",\"@id\":\"https:\/\/check.redneurocom.com\/molicom\/?page_id=656#breadcrumb\",\"itemListElement\":[{\"@type\":\"ListItem\",\"position\":1,\"name\":\"Portada\",\"item\":\"https:\/\/check.redneurocom.com\/molicom\/\"},{\"@type\":\"ListItem\",\"position\":2,\"name\":\"Nosotros\"}]}]}<\/script>\n<!-- \/ Yoast SEO plugin. -->","yoast_head_json":{"title":"Nosotros - Grupo Molicom","description":"MIROMINA fue fundada por el GRUPO MOLICOM, con m\u00e1s de 36 a\u00f1os de experiencia comercial, administrativa y financiera.","robots":{"index":"index","follow":"follow","max-snippet":"max-snippet:-1","max-image-preview":"max-image-preview:large","max-video-preview":"max-video-preview:-1"},"canonical":"https:\/\/check.redneurocom.com\/molicom\/?page_id=656","og_locale":"es_ES","og_type":"article","og_title":"Nosotros - Grupo Molicom","og_description":"MIROMINA fue fundada por el GRUPO MOLICOM, con m\u00e1s de 36 a\u00f1os de experiencia comercial, administrativa y financiera.","og_url":"https:\/\/check.redneurocom.com\/molicom\/?page_id=656","og_site_name":"Grupo Molicom","article_publisher":"https:\/\/www.facebook.com\/Grupo-Molicom-222968614426911","article_modified_time":"2021-11-11T04:08:47+00:00","twitter_card":"summary_large_image","twitter_misc":{"Est. reading time":"2 minutos"},"schema":{"@context":"https:\/\/schema.org","@graph":[{"@type":"Organization","@id":"https:\/\/check.redneurocom.com\/molicom\/#organization","name":"Miromina","url":"https:\/\/check.redneurocom.com\/molicom\/","sameAs":["https:\/\/www.facebook.com\/Grupo-Molicom-222968614426911","https:\/\/www.linkedin.com\/m\/login","https:\/\/www.youtube.com\/channel\/UCH483e_rvCIMxv23VT5EguA"],"logo":{"@type":"ImageObject","@id":"https:\/\/check.redneurocom.com\/molicom\/#logo","inLanguage":"es-PE","url":"https:\/\/check.redneurocom.com\/molicom\/wp-content\/uploads\/2020\/11\/logo-miromina.png","contentUrl":"https:\/\/check.redneurocom.com\/molicom\/wp-content\/uploads\/2020\/11\/logo-miromina.png","width":362,"height":97,"caption":"Miromina"},"image":{"@id":"https:\/\/check.redneurocom.com\/molicom\/#logo"}},{"@type":"WebSite","@id":"https:\/\/check.redneurocom.com\/molicom\/#website","url":"https:\/\/check.redneurocom.com\/molicom\/","name":"Grupo Molicom","description":"Peruanos trabajando por el crecimiento del pais","publisher":{"@id":"https:\/\/check.redneurocom.com\/molicom\/#organization"},"potentialAction":[{"@type":"SearchAction","target":{"@type":"EntryPoint","urlTemplate":"https:\/\/check.redneurocom.com\/molicom\/?s={search_term_string}"},"query-input":"required name=search_term_string"}],"inLanguage":"es-PE"},{"@type":"ImageObject","@id":"https:\/\/check.redneurocom.com\/molicom\/?page_id=656#primaryimage","inLanguage":"es-PE","url":"","contentUrl":""},{"@type":"WebPage","@id":"https:\/\/check.redneurocom.com\/molicom\/?page_id=656#webpage","url":"https:\/\/check.redneurocom.com\/molicom\/?page_id=656","name":"Nosotros - Grupo Molicom","isPartOf":{"@id":"https:\/\/check.redneurocom.com\/molicom\/#website"},"primaryImageOfPage":{"@id":"https:\/\/check.redneurocom.com\/molicom\/?page_id=656#primaryimage"},"datePublished":"2019-12-02T11:01:00+00:00","dateModified":"2021-11-11T04:08:47+00:00","description":"MIROMINA fue fundada por el GRUPO MOLICOM, con m\u00e1s de 36 a\u00f1os de experiencia comercial, administrativa y financiera.","breadcrumb":{"@id":"https:\/\/check.redneurocom.com\/molicom\/?page_id=656#breadcrumb"},"inLanguage":"es-PE","potentialAction":[{"@type":"ReadAction","target":["https:\/\/check.redneurocom.com\/molicom\/?page_id=656"]}]},{"@type":"BreadcrumbList","@id":"https:\/\/check.redneurocom.com\/molicom\/?page_id=656#breadcrumb","itemListElement":[{"@type":"ListItem","position":1,"name":"Portada","item":"https:\/\/check.redneurocom.com\/molicom\/"},{"@type":"ListItem","position":2,"name":"Nosotros"}]}]}},"_links":{"self":[{"href":"https:\/\/check.redneurocom.com\/molicom\/index.php?rest_route=\/wp\/v2\/pages\/656"}],"collection":[{"href":"https:\/\/check.redneurocom.com\/molicom\/index.php?rest_route=\/wp\/v2\/pages"}],"about":[{"href":"https:\/\/check.redneurocom.com\/molicom\/index.php?rest_route=\/wp\/v2\/types\/page"}],"author":[{"embeddable":true,"href":"https:\/\/check.redneurocom.com\/molicom\/index.php?rest_route=\/wp\/v2\/users\/1"}],"replies":[{"embeddable":true,"href":"https:\/\/check.redneurocom.com\/molicom\/index.php?rest_route=%2Fwp%2Fv2%2Fcomments&post=656"}],"version-history":[{"count":96,"href":"https:\/\/check.redneurocom.com\/molicom\/index.php?rest_route=\/wp\/v2\/pages\/656\/revisions"}],"predecessor-version":[{"id":5024,"href":"https:\/\/check.redneurocom.com\/molicom\/index.php?rest_route=\/wp\/v2\/pages\/656\/revisions\/5024"}],"wp:featuredmedia":[{"embeddable":true,"href":"https:\/\/check.redneurocom.com\/molicom\/index.php?rest_route=\/wp\/v2\/media\/541"}],"wp:attachment":[{"href":"https:\/\/check.redneurocom.com\/molicom\/index.php?rest_route=%2Fwp%2Fv2%2Fmedia&parent=656"}],"curies":[{"name":"wp","href":"https:\/\/api.w.org\/{rel}","templated":true}]}}